 
 
{"id":1443,"date":"2023-01-07T11:58:53","date_gmt":"2023-01-07T10:58:53","guid":{"rendered":"https:\/\/atticus-avocats.com\/?page_id=1443"},"modified":"2024-10-15T22:49:22","modified_gmt":"2024-10-15T20:49:22","slug":"presentation","status":"publish","type":"page","link":"https:\/\/atticus-avocats.com\/?page_id=1443","title":{"rendered":"Pr\u00e9sentation"},"content":{"rendered":"\n<div class=\"wp-block-columns is-layout-flex wp-container-core-columns-is-layout-9d6595d7 wp-block-columns-is-layout-flex\">\n<div class=\"wp-block-column is-layout-flow wp-block-column-is-layout-flow\" style=\"flex-basis:100%\">\n<figure class=\"wp-block-gallery has-nested-images columns-4 is-cropped wp-block-gallery-1 is-layout-flex wp-block-gallery-is-layout-flex\">\n<figure class=\"wp-block-image size-large\"><img loading=\"lazy\" decoding=\"async\" width=\"683\" height=\"1024\" data-id=\"1777\" src=\"https:\/\/atticus-avocats.com\/wp-content\/uploads\/2024\/09\/AtticusAvocatstraiteescClaire-MarieTeyssier-683x1024.jpg\" alt=\"\" class=\"wp-image-1777\" srcset=\"https:\/\/atticus-avocats.com\/wp-content\/uploads\/2024\/09\/AtticusAvocatstraiteescClaire-MarieTeyssier-683x1024.jpg 683w, https:\/\/atticus-avocats.com\/wp-content\/uploads\/2024\/09\/AtticusAvocatstraiteescClaire-MarieTeyssier-200x300.jpg 200w, https:\/\/atticus-avocats.com\/wp-content\/uploads\/2024\/09\/AtticusAvocatstraiteescClaire-MarieTeyssier-768x1152.jpg 768w, https:\/\/atticus-avocats.com\/wp-content\/uploads\/2024\/09\/AtticusAvocatstraiteescClaire-MarieTeyssier-1024x1536.jpg 1024w, https:\/\/atticus-avocats.com\/wp-content\/uploads\/2024\/09\/AtticusAvocatstraiteescClaire-MarieTeyssier-1365x2048.jpg 1365w, https:\/\/atticus-avocats.com\/wp-content\/uploads\/2024\/09\/AtticusAvocatstraiteescClaire-MarieTeyssier-scaled.jpg 1707w\" sizes=\"auto, (max-width: 683px) 100vw, 683px\" \/><\/figure>\n\n\n\n<figure class=\"wp-block-image size-large\"><img loading=\"lazy\" decoding=\"async\" width=\"1024\" height=\"683\" data-id=\"1778\" src=\"https:\/\/atticus-avocats.com\/wp-content\/uploads\/2024\/09\/AtticusAvocatstraiteescClaire-MarieTeyssier-2-1024x683.jpg\" alt=\"\" class=\"wp-image-1778\" srcset=\"https:\/\/atticus-avocats.com\/wp-content\/uploads\/2024\/09\/AtticusAvocatstraiteescClaire-MarieTeyssier-2-1024x683.jpg 1024w, https:\/\/atticus-avocats.com\/wp-content\/uploads\/2024\/09\/AtticusAvocatstraiteescClaire-MarieTeyssier-2-300x200.jpg 300w, https:\/\/atticus-avocats.com\/wp-content\/uploads\/2024\/09\/AtticusAvocatstraiteescClaire-MarieTeyssier-2-768x512.jpg 768w, https:\/\/atticus-avocats.com\/wp-content\/uploads\/2024\/09\/AtticusAvocatstraiteescClaire-MarieTeyssier-2-1536x1024.jpg 1536w, https:\/\/atticus-avocats.com\/wp-content\/uploads\/2024\/09\/AtticusAvocatstraiteescClaire-MarieTeyssier-2-2048x1365.jpg 2048w\" sizes=\"auto, (max-width: 1024px) 100vw, 1024px\" \/><\/figure>\n<\/figure>\n<\/div>\n<\/div>\n\n\n\n<p class=\"has-text-align-center\">Implant\u00e9 \u00e0 Villefranche-sur-Sa\u00f4ne et \u00e0 Lyon, le cabinet Atticus Avocats intervient dans les diff\u00e9rents domaines du droit des affaires dans toute la r\u00e9gion Rh\u00f4ne Alpes. Fortement implant\u00e9e localement, l&rsquo;\u00e9quipe conna\u00eet les march\u00e9s et les acteurs des bassins \u00e9conomiques rhone-alpins, ce qui lui permet d&rsquo;agir le plus efficacement possible.<\/p>\n\n\n\n<div style=\"height:44px\" aria-hidden=\"true\" class=\"wp-block-spacer\"><\/div>\n\n\n<div class=\"wp-block-image\">\n<figure class=\"aligncenter is-resized\"><img decoding=\"async\" src=\"https:\/\/cdn-icons-png.flaticon.com\/512\/2343\/2343956.png\" alt=\"\" style=\"width:115px;height:115px\" title=\"\"\/><\/figure>\n<\/div>\n\n\n<div style=\"height:44px\" aria-hidden=\"true\" class=\"wp-block-spacer\"><\/div>\n\n\n\n<p class=\"has-text-align-center\">L&rsquo;\u00e9quipe est actuellement compos\u00e9e d&rsquo;une avocate, Me Lucie Ravoux, d&rsquo;une clerc, Mme Charleyne PEREZ et d&rsquo;une juriste Constance LONCHAMP.<\/p>\n\n\n\n<div style=\"height:44px\" aria-hidden=\"true\" class=\"wp-block-spacer\"><\/div>\n\n\n<div class=\"wp-block-image\">\n<figure class=\"aligncenter is-resized\"><img decoding=\"async\" src=\"https:\/\/cdn-icons-png.flaticon.com\/512\/2967\/2967658.png\" alt=\"\" style=\"width:112px;height:112px\" title=\"\"\/><\/figure>\n<\/div>\n\n\n<div style=\"height:44px\" aria-hidden=\"true\" class=\"wp-block-spacer\"><\/div>\n\n\n\n<p class=\"has-text-align-center\">Le cabinet accompagne les chefs d&rsquo;entreprise, principalement de TPE, tout le long de la vie de leurs soci\u00e9t\u00e9s, en commen\u00e7ant par la cr\u00e9ation de leur structure jusqu&rsquo;\u00e0 la transmission ou la cl\u00f4ture de l&rsquo;entreprise.<\/p>\n\n\n\n<div style=\"height:44px\" aria-hidden=\"true\" class=\"wp-block-spacer\"><\/div>\n\n\n<div class=\"wp-block-image\">\n<figure class=\"aligncenter is-resized\"><img decoding=\"async\" src=\"https:\/\/cdn-icons-png.flaticon.com\/512\/9186\/9186462.png\" alt=\"\" style=\"width:117px;height:117px\" title=\"\"\/><\/figure>\n<\/div>\n\n\n<div style=\"height:44px\" aria-hidden=\"true\" class=\"wp-block-spacer\"><\/div>\n\n\n\n<p class=\"has-text-align-center\">Le cabinet met un point d&rsquo;honneur \u00e0 traiter les dossiers confi\u00e9s avec comp\u00e9tence, rapidit\u00e9 et disponibilit\u00e9<\/p>\n\n\n\n<div style=\"height:44px\" aria-hidden=\"true\" class=\"wp-block-spacer\"><\/div>\n\n\n<div class=\"wp-block-image\">\n<figure class=\"aligncenter is-resized\"><img decoding=\"async\" src=\"https:\/\/cdn-icons-png.flaticon.com\/512\/2825\/2825592.png\" alt=\"\" style=\"width:141px;height:141px\" title=\"\"\/><\/figure>\n<\/div>\n\n\n<p><\/p>\n\n\n\n<p><\/p>\n","protected":false},"excerpt":{"rendered":"<p>Implant\u00e9 \u00e0 Villefranche-sur-Sa\u00f4ne et \u00e0 Lyon, le cabinet Atticus Avocats intervient dans les diff\u00e9rents domaines du droit des affaires dans toute la r\u00e9gion Rh\u00f4ne Alpes. Fortement implant\u00e9e localement, l&rsquo;\u00e9quipe conna\u00eet &#8230;<\/p>\n","protected":false},"author":1,"featured_media":0,"parent":0,"menu_order":0,"comment_status":"closed","ping_status":"closed","template":"","meta":{"_editorskit_title_hidden":false,"_editorskit_reading_time":1,"_editorskit_is_block_options_detached":false,"_editorskit_block_options_position":"{}","footnotes":""},"class_list":["post-1443","page","type-page","status-publish","hentry"],"_links":{"self":[{"href":"https:\/\/atticus-avocats.com\/index.php?rest_route=\/wp\/v2\/pages\/1443","targetHints":{"allow":["GET"]}}],"collection":[{"href":"https:\/\/atticus-avocats.com\/index.php?rest_route=\/wp\/v2\/pages"}],"about":[{"href":"https:\/\/atticus-avocats.com\/index.php?rest_route=\/wp\/v2\/types\/page"}],"author":[{"embeddable":true,"href":"https:\/\/atticus-avocats.com\/index.php?rest_route=\/wp\/v2\/users\/1"}],"replies":[{"embeddable":true,"href":"https:\/\/atticus-avocats.com\/index.php?rest_route=%2Fwp%2Fv2%2Fcomments&post=1443"}],"version-history":[{"count":18,"href":"https:\/\/atticus-avocats.com\/index.php?rest_route=\/wp\/v2\/pages\/1443\/revisions"}],"predecessor-version":[{"id":1821,"href":"https:\/\/atticus-avocats.com\/index.php?rest_route=\/wp\/v2\/pages\/1443\/revisions\/1821"}],"wp:attachment":[{"href":"https:\/\/atticus-avocats.com\/index.php?rest_route=%2Fwp%2Fv2%2Fmedia&parent=1443"}],"curies":[{"name":"wp","href":"https:\/\/api.w.org\/{rel}","templated":true}]}}