 
 
{"id":1445,"date":"2023-01-07T11:59:13","date_gmt":"2023-01-07T10:59:13","guid":{"rendered":"https:\/\/atticus-avocats.com\/?page_id=1445"},"modified":"2024-11-05T12:26:25","modified_gmt":"2024-11-05T11:26:25","slug":"expertise","status":"publish","type":"page","link":"https:\/\/atticus-avocats.com\/?page_id=1445","title":{"rendered":"Expertises"},"content":{"rendered":"\n<p>Le cabinet Atticus Avocats propose un accompagnement de qualit\u00e9, r\u00e9actif et exp\u00e9riment\u00e9 dans les diff\u00e9rents domaines du droit des affaires. Le cabinet travaille en collaboration \u00e9troite avec les autres partenaires du chef d&rsquo;entreprise : expert-comptable, notaire, banquier, &#8230;<\/p>\n\n\n\n<div style=\"height:44px\" aria-hidden=\"true\" class=\"wp-block-spacer\"><\/div>\n\n\n<div class=\"wp-block-image\">\n<figure class=\"aligncenter is-resized\"><img decoding=\"async\" src=\"https:\/\/cdn-icons-png.flaticon.com\/512\/4185\/4185325.png\" alt=\"\" style=\"width:93px;height:93px\" title=\"\"\/><\/figure>\n<\/div>\n\n\n<div style=\"height:44px\" aria-hidden=\"true\" class=\"wp-block-spacer\"><\/div>\n\n\n\n<h3 class=\"wp-block-heading\">Droit des soci\u00e9t\u00e9s<\/h3>\n\n\n\n<p><\/p>\n\n\n\n<p>Le cabinet Atticus Avocats accompagne les chefs d&rsquo;entreprise d\u00e8s les pr\u00e9mices de leurs projets : r\u00e9flexion sur la forme de soci\u00e9t\u00e9 la plus adapt\u00e9e au projet et aux contraintes du dirigeant, r\u00e9daction du projet de statuts et du pacte d&rsquo;associ\u00e9s, discussion sur le contenu des actes (que se passe-t-il en cas de d\u00e9c\u00e8s? en cas de maladie longue? en cas de s\u00e9paration ? en cas de transmission des titres d\u00e9membr\u00e9s? en cas de d\u00e9part de l&rsquo;associ\u00e9 salari\u00e9?)&#8230; Seule une discussion approfondie avec les diff\u00e9rents intervenants (dirigeant, associ\u00e9s, conjoints&#8230;) permet au chef d&rsquo;entreprise de se poser les bonnes questions juridiques, fiscales et sociales, et de disposer de statuts adapt\u00e9s \u00e0 ses besoins.<\/p>\n\n\n\n<p>Ce partenariat se poursuit tout au long de la vie des soci\u00e9t\u00e9s avec les modifications statutaires diverses (transfert de si\u00e8ge, extension de l&rsquo;objet social, transformation de la soci\u00e9t\u00e9, modification du capital social, des dirigeants, de la date de cl\u00f4ture&#8230; ) et l&rsquo;approbation juridique des comptes annuels.<\/p>\n\n\n\n<p>Le cabinet se charge \u00e9galement de la r\u00e9daction de la documentation juridique et des formalit\u00e9s de cessation d&rsquo;activit\u00e9 : mise en sommeil, dissolution anticip\u00e9e, liquidation amiable, radiation&#8230;<\/p>\n\n\n\n<p>Enfin, le cabinet accompagne les dirigeants dans la recherche de solution amiable en cas de conflits entre associ\u00e9s ou avec d&rsquo;autres partenaires (fournisseur, client..).<\/p>\n\n\n\n<p>Le cabinet se charge de toutes les formalit\u00e9s d\u00e9claratives n\u00e9cessaires au cours de la vie des soci\u00e9t\u00e9s : Guichet unique, Greffe du Tribunal de commerce, Service des Imp\u00f4ts, INSEE, URSSAF, Chambre de M\u00e9tiers et de l&rsquo;Artisanat, INPI&#8230;<\/p>\n\n\n\n<div style=\"height:44px\" aria-hidden=\"true\" class=\"wp-block-spacer\"><\/div>\n\n\n<div class=\"wp-block-image\">\n<figure class=\"aligncenter is-resized\"><img decoding=\"async\" src=\"https:\/\/cdn-icons-png.flaticon.com\/512\/9307\/9307090.png\" alt=\"\" style=\"width:107px;height:107px\" title=\"\"\/><\/figure>\n<\/div>\n\n\n<div style=\"height:44px\" aria-hidden=\"true\" class=\"wp-block-spacer\"><\/div>\n\n\n\n<h3 class=\"wp-block-heading\">Transmission<\/h3>\n\n\n\n<p><\/p>\n\n\n\n<p>Le cabinet Atticus Avocats assiste les chefs d&rsquo;entreprise qui souhaitent acheter ou vendre une activit\u00e9 : soci\u00e9t\u00e9, fonds de commerce, droit au bail, droit de pr\u00e9sentation d&rsquo;une client\u00e8le &#8230; Le cabinet propose des missions d&rsquo;audit \u00e0 la vente (pour la pr\u00e9parer en amont) ou \u00e0 l&rsquo;achat (pour \u00e9tudier la faisabilit\u00e9 du projet). Le cabinet accompagne \u00e9videmment ses clients pour la r\u00e9daction ou la relecture d&rsquo;actes de transmission (location-g\u00e9rance, vente de fonds \/ de droit au bail \/ de titres de soci\u00e9t\u00e9, contrat de garantie d&rsquo;actif net et de passif &#8230; )<\/p>\n\n\n\n<div style=\"height:44px\" aria-hidden=\"true\" class=\"wp-block-spacer\"><\/div>\n\n\n<div class=\"wp-block-image\">\n<figure class=\"aligncenter is-resized\"><img decoding=\"async\" src=\"https:\/\/cdn-icons-png.flaticon.com\/512\/4185\/4185148.png\" alt=\"\" style=\"width:94px;height:94px\" title=\"\"\/><\/figure>\n<\/div>\n\n\n<div style=\"height:44px\" aria-hidden=\"true\" class=\"wp-block-spacer\"><\/div>\n\n\n\n<h3 class=\"wp-block-heading\">Contrats (r\u00e9daction et relecture)<\/h3>\n\n\n\n<p>Le cabinet Atticus Avocats r\u00e9dige et relit la documentation contractuelle des soci\u00e9t\u00e9s : conditions g\u00e9n\u00e9rales de vente \/ de prestation de services, conditions g\u00e9n\u00e9rales d&rsquo;achat, contrat de fourniture, contrat de distribution, contrat de franchise.<\/p>\n\n\n\n<p>Le cabinet accompagne \u00e9galement les propri\u00e9taires et les locataires dans la r\u00e9daction et la n\u00e9gociation des contrats de bail commercial et de bail professionnel.<\/p>\n\n\n\n<div style=\"height:44px\" aria-hidden=\"true\" class=\"wp-block-spacer\"><\/div>\n\n\n<div class=\"wp-block-image\">\n<figure class=\"aligncenter is-resized\"><img decoding=\"async\" src=\"https:\/\/cdn-icons-png.flaticon.com\/512\/4185\/4185164.png\" alt=\"\" style=\"width:99px;height:99px\" title=\"\"\/><\/figure>\n<\/div>\n\n\n<div style=\"height:44px\" aria-hidden=\"true\" class=\"wp-block-spacer\"><\/div>\n\n\n\n<h3 class=\"wp-block-heading\">Judiciaire \/ Contentieux<\/h3>\n\n\n\n<p><\/p>\n\n\n\n<p>Le cabinet Atticus Avocats assiste ses clients en cas de proc\u00e9dure collective : mandat ad hoc, conciliation, sauvegarde, redressement judiciaire, liquidation judiciaire, ren\u00e9gociation de plans, &#8230;<\/p>\n\n\n\n<div style=\"height:44px\" aria-hidden=\"true\" class=\"wp-block-spacer\"><\/div>\n\n\n<div class=\"wp-block-image\">\n<figure class=\"aligncenter is-resized\"><img decoding=\"async\" src=\"https:\/\/cdn-icons-png.flaticon.com\/512\/357\/357044.png\" alt=\"\" style=\"width:92px;height:92px\" title=\"\"\/><\/figure>\n<\/div>\n\n\n<div style=\"height:44px\" aria-hidden=\"true\" class=\"wp-block-spacer\"><\/div>\n\n\n\n<h3 class=\"wp-block-heading\">Marques<\/h3>\n\n\n\n<p>Le cabinet guide les chefs d&rsquo;entreprise en mati\u00e8re de d\u00e9p\u00f4t de marque (notamment dans la r\u00e9flexion sur les classes pour lesquelles la protection doit \u00eatre \u00e9tendue), de renouvellement (avec un syst\u00e8me d&rsquo;alertes) et de mise \u00e0 jour (notamment en cas de changement dans l\u2019identification de la soci\u00e9t\u00e9).<\/p>\n\n\n\n<div style=\"height:44px\" aria-hidden=\"true\" class=\"wp-block-spacer\"><\/div>\n\n\n<div class=\"wp-block-image\">\n<figure class=\"aligncenter is-resized\"><img decoding=\"async\" src=\"https:\/\/cdn-icons-png.flaticon.com\/512\/2361\/2361723.png\" alt=\"\" style=\"width:99px;height:99px\" title=\"\"\/><\/figure>\n<\/div>\n\n\n<div style=\"height:44px\" aria-hidden=\"true\" class=\"wp-block-spacer\"><\/div>\n\n\n\n<h3 class=\"wp-block-heading\">Associations<\/h3>\n\n\n\n<p>Le cabinet Atticus Avocats accompagne \u00e9galement les associations pour la cr\u00e9ation des structures, la modification des statuts et du r\u00e8glement int\u00e9rieur, et la dissolution des structures. Cet accompagnement se fait tant au niveau de la r\u00e9daction de la documentation que dans l&rsquo;ex\u00e9cution des formalit\u00e9s d\u00e9claratives aupr\u00e8s de la Pr\u00e9fecture comp\u00e9tente.<\/p>\n\n\n\n<div style=\"height:44px\" aria-hidden=\"true\" class=\"wp-block-spacer\"><\/div>\n\n\n<div class=\"wp-block-image\">\n<figure class=\"aligncenter is-resized\"><img decoding=\"async\" src=\"https:\/\/cdn-icons-png.flaticon.com\/512\/5208\/5208516.png\" alt=\"\" style=\"width:122px;height:122px\" title=\"\"\/><\/figure>\n<\/div>","protected":false},"excerpt":{"rendered":"<p>Le cabinet Atticus Avocats propose un accompagnement de qualit\u00e9, r\u00e9actif et exp\u00e9riment\u00e9 dans les diff\u00e9rents domaines du droit des affaires. Le cabinet travaille en collaboration \u00e9troite avec les autres partenaires &#8230;<\/p>\n","protected":false},"author":1,"featured_media":0,"parent":0,"menu_order":0,"comment_status":"closed","ping_status":"closed","template":"","meta":{"_editorskit_title_hidden":false,"_editorskit_reading_time":3,"_editorskit_is_block_options_detached":false,"_editorskit_block_options_position":"{}","footnotes":""},"class_list":["post-1445","page","type-page","status-publish","hentry"],"_links":{"self":[{"href":"https:\/\/atticus-avocats.com\/index.php?rest_route=\/wp\/v2\/pages\/1445","targetHints":{"allow":["GET"]}}],"collection":[{"href":"https:\/\/atticus-avocats.com\/index.php?rest_route=\/wp\/v2\/pages"}],"about":[{"href":"https:\/\/atticus-avocats.com\/index.php?rest_route=\/wp\/v2\/types\/page"}],"author":[{"embeddable":true,"href":"https:\/\/atticus-avocats.com\/index.php?rest_route=\/wp\/v2\/users\/1"}],"replies":[{"embeddable":true,"href":"https:\/\/atticus-avocats.com\/index.php?rest_route=%2Fwp%2Fv2%2Fcomments&post=1445"}],"version-history":[{"count":27,"href":"https:\/\/atticus-avocats.com\/index.php?rest_route=\/wp\/v2\/pages\/1445\/revisions"}],"predecessor-version":[{"id":1834,"href":"https:\/\/atticus-avocats.com\/index.php?rest_route=\/wp\/v2\/pages\/1445\/revisions\/1834"}],"wp:attachment":[{"href":"https:\/\/atticus-avocats.com\/index.php?rest_route=%2Fwp%2Fv2%2Fmedia&parent=1445"}],"curies":[{"name":"wp","href":"https:\/\/api.w.org\/{rel}","templated":true}]}}