 
 
{"id":1460,"date":"2023-01-07T12:06:20","date_gmt":"2023-01-07T11:06:20","guid":{"rendered":"https:\/\/atticus-avocats.com\/?page_id=1460"},"modified":"2026-03-01T21:49:19","modified_gmt":"2026-03-01T20:49:19","slug":"contact-et-acces","status":"publish","type":"page","link":"https:\/\/atticus-avocats.com\/?page_id=1460","title":{"rendered":"Contact et acc\u00e8s"},"content":{"rendered":"\n<p><\/p>\n\n\n\n<h2 class=\"wp-block-heading\">Pour nous joindre<\/h2>\n\n\n\n<hr class=\"wp-block-separator has-alpha-channel-opacity\"\/>\n\n\n\n<div class=\"wp-block-columns is-layout-flex wp-container-core-columns-is-layout-9d6595d7 wp-block-columns-is-layout-flex\">\n<div class=\"wp-block-column is-layout-flow wp-block-column-is-layout-flow\">\n<h3 class=\"wp-block-heading\">Nous \u00e9crire<\/h3>\n\n\n\n<div class=\"forminator-guttenberg\"><div class=\"forminator-ui forminator-custom-form forminator-custom-form-1560 forminator-design--material forminator-enclosed forminator_ajax\" data-forminator-render=\"0\" data-form=\"forminator-module-1560\" data-uid=\"69e235e7513cd\"><br\/><\/div><form\n\t\t\t\tid=\"forminator-module-1560\"\n\t\t\t\tclass=\"forminator-ui forminator-custom-form forminator-custom-form-1560 forminator-design--material forminator-enclosed forminator_ajax\"\n\t\t\t\tmethod=\"post\"\n\t\t\t\tdata-forminator-render=\"0\"\n\t\t\t\tdata-form-id=\"1560\"\n\t\t\t\t\n\t\t\t\tdata-design=\"material\"\n\t\t\t\t\n\t\t\t\t\n\t\t\t\t\n\t\t\t\tdata-grid=\"enclosed\"\n\t\t\t\t\n\t\t\t\t\n\t\t\t\tstyle=\"display: none;\"\n\t\t\t\t\n\t\t\t\tdata-uid=\"69e235e7513cd\"\n\t\t\t><div class=\"forminator-response-message forminator-error\" aria-hidden=\"true\"><\/div><div class=\"forminator-row\"><div id=\"name-2\" class=\"forminator-col forminator-col-12 \"><div class=\"forminator-field\"><label for=\"forminator-field-name-2_69e235e7513cd\" class=\"forminator-label\">Nom <span class=\"forminator-required\">*<\/span><\/label><input type=\"text\" name=\"name-2\" value=\"\" placeholder=\"\" id=\"forminator-field-name-2_69e235e7513cd\" class=\"forminator-input forminator-name--field\" aria-required=\"true\" \/><\/div><\/div><\/div><div class=\"forminator-row\"><div id=\"email-1\" class=\"forminator-col forminator-col-6 \"><div class=\"forminator-field\"><label for=\"forminator-field-email-1_69e235e7513cd\" class=\"forminator-label\">Adresse de messagerie <span class=\"forminator-required\">*<\/span><\/label><input type=\"email\" name=\"email-1\" value=\"\" placeholder=\"Par exemple\u00a0: jacques@martin.com\" id=\"forminator-field-email-1_69e235e7513cd\" class=\"forminator-input forminator-email--field\" data-required=\"true\" aria-required=\"true\" \/><\/div><\/div><div id=\"phone-1\" class=\"forminator-col forminator-col-6 \"><div class=\"forminator-field\"><label for=\"forminator-field-phone-1_69e235e7513cd\" class=\"forminator-label\">Num\u00e9ro de t\u00e9l\u00e9phone<\/label><input type=\"text\" name=\"phone-1\" value=\"\" placeholder=\"Par exemple\u00a0: +1 02 03 04 05\" id=\"forminator-field-phone-1_69e235e7513cd\" class=\"forminator-input forminator-field--phone\" data-required=\"\" aria-required=\"false\" autocomplete=\"off\" \/><\/div><\/div><\/div><div class=\"forminator-row\"><div id=\"textarea-1\" class=\"forminator-col forminator-col-12 \"><div class=\"forminator-field\"><label for=\"forminator-field-textarea-1_69e235e7513cd\" class=\"forminator-label\">Message <span class=\"forminator-required\">*<\/span><\/label><textarea name=\"textarea-1\" placeholder=\"Saisissez votre message\u2026\" id=\"forminator-field-textarea-1_69e235e7513cd\" class=\"forminator-textarea\" rows=\"6\" style=\"min-height:30px;\" ><\/textarea><\/div><\/div><\/div><div class=\"forminator-row\"><div id=\"captcha-1\" class=\"forminator-col forminator-col-12 \"><div class=\"forminator-hcaptcha\" data-theme=\"light\"  data-sitekey=\"6f04e64d-a0ba-45f5-853b-9091647714d8\" data-size=\"normal\"><\/div> <\/div><\/div><input type=\"hidden\" name=\"referer_url\" value=\"\" \/><div class=\"forminator-row forminator-row-last\"><div class=\"forminator-col\"><div class=\"forminator-field\"><button class=\"forminator-button forminator-button-submit\"><span>Envoyer le message<\/span><span aria-hidden=\"true\"><\/span><\/button><\/div><\/div><\/div><input type=\"hidden\" id=\"forminator_nonce\" name=\"forminator_nonce\" value=\"e33f52a9f1\" \/><input type=\"hidden\" name=\"_wp_http_referer\" value=\"\/index.php?rest_route=%2Fwp%2Fv2%2Fpages%2F1460\" \/><input type=\"hidden\" name=\"form_id\" value=\"1560\"><input type=\"hidden\" name=\"page_id\" value=\"1460\"><input type=\"hidden\" name=\"form_type\" value=\"default\"><input type=\"hidden\" name=\"current_url\" value=\"https:\/\/atticus-avocats.com\/?page_id=1460\"><input type=\"hidden\" name=\"render_id\" value=\"0\"><input type=\"hidden\" name=\"action\" value=\"forminator_submit_form_custom-forms\"><\/form><\/div>\n<\/div>\n\n\n\n<div class=\"wp-block-column is-layout-flow wp-block-column-is-layout-flow\">\n<h3 class=\"wp-block-heading\">Par t\u00e9l\u00e9phone<\/h3>\n\n\n\n<p class=\"has-text-align-left\">Vous pouvez nous contacter par t\u00e9l\u00e9phone au <a href=\"tel:0428294700\" class=\"ek-link\">04 28 29 47 00<\/a>.<\/p>\n\n\n\n<p>Nous sommes ouverts du lundi au vendredi, de 9h \u00e0 12h et de 14h \u00e0 18h.<\/p>\n<\/div>\n<\/div>\n\n\n\n<div style=\"height:100px\" aria-hidden=\"true\" class=\"wp-block-spacer\"><\/div>\n\n\n\n<h2 class=\"wp-block-heading\">O\u00f9 nous trouver<\/h2>\n\n\n\n<div style=\"height:36px\" aria-hidden=\"true\" class=\"wp-block-spacer\"><\/div>\n\n\n\n<div class=\"wp-block-columns is-layout-flex wp-container-core-columns-is-layout-9d6595d7 wp-block-columns-is-layout-flex\">\n<div class=\"wp-block-column is-layout-flow wp-block-column-is-layout-flow\">\n<h3 class=\"wp-block-heading\">\u00c0 Villefranche-sur-Sa\u00f4ne<\/h3>\n\n\n\n<p><a href=\"https:\/\/goo.gl\/maps\/UN436FPzayg3cQZb8\" target=\"_blank\" aria-label=\"Atticus Avocats, 55 Boulevard Victor Vermorel \n69400 Villefranche-sur-Sa\u00f4ne (opens in a new tab)\" rel=\"noreferrer noopener\" class=\"ek-link\">Atticus Avocats, 55 Boulevard Victor Vermorel <br>69400 Villefranche-sur-Sa\u00f4ne<\/a><\/p>\n\n\n\t\t<div id=\"wpmapblock_f79e8946\" data-settings='{&quot;map_marker&quot;:[{&quot;lat&quot;:&quot;45.986410487514&quot;,&quot;lng&quot;:&quot;4.7144490480423&quot;,&quot;title&quot;:&quot;Cabinet de Villefranche-sur-Sa\\u00f4ne&quot;,&quot;content&quot;:&quot;186 Rue Roncevaux, 69400 Villefranche-sur-Sa\\u00f4ne&quot;,&quot;iconType&quot;:&quot;default&quot;,&quot;customIconUrl&quot;:&quot;&quot;,&quot;customIconWidth&quot;:&quot;25&quot;,&quot;customIconHeight&quot;:&quot;40&quot;}],&quot;map_zoom&quot;:&quot;17&quot;,&quot;scroll_wheel_zoom&quot;:false,&quot;map_type&quot;:&quot;OSM&quot;,&quot;center_index&quot;:0}' class=\"wpmapblockrender\" style=\"\n\t\t\twidth: 100%;\n\t\t\theight: 500px;\n\t\t\"><\/div>\n        <\/div>\n\n\n\n<div class=\"wp-block-column is-layout-flow wp-block-column-is-layout-flow\">\n<h3 class=\"wp-block-heading\">\u00c0 Lyon<\/h3>\n\n\n\n<p><a href=\"https:\/\/maps.app.goo.gl\/eeWKym96Dkm8UrDC9\" target=\"_blank\" rel=\"noreferrer noopener\" class=\"ek-link\">Atticus Avocats, 61 rue de la R\u00e9publique 69002 Lyon<\/a><\/p>\n\n\n\t\t<div id=\"wpmapblock_edc8d38a\" data-settings='{&quot;map_marker&quot;:[{&quot;lat&quot;:&quot;45.759772608484&quot;,&quot;lng&quot;:&quot;4.8353576660156&quot;,&quot;title&quot;:&quot;Cabinet de Lyon 1&quot;,&quot;content&quot;:&quot;61 rue de la R\\u00e9publique\\n69002 Lyon&quot;,&quot;iconType&quot;:&quot;default&quot;,&quot;customIconUrl&quot;:&quot;&quot;,&quot;customIconWidth&quot;:&quot;25&quot;,&quot;customIconHeight&quot;:&quot;40&quot;}],&quot;map_zoom&quot;:&quot;17&quot;,&quot;scroll_wheel_zoom&quot;:false,&quot;map_type&quot;:&quot;OSM&quot;,&quot;center_index&quot;:0}' class=\"wpmapblockrender\" style=\"\n\t\t\twidth: 100%;\n\t\t\theight: 500px;\n\t\t\"><\/div>\n        <\/div>\n<\/div>\n\n\n\n<p><\/p>\n\n\n\n<div style=\"height:100px\" aria-hidden=\"true\" class=\"wp-block-spacer\"><\/div>\n","protected":false},"excerpt":{"rendered":"<p>Pour nous joindre Nous \u00e9crire Par t\u00e9l\u00e9phone Vous pouvez nous contacter par t\u00e9l\u00e9phone au 04 28 29 47 00. Nous sommes ouverts du lundi au vendredi, de 9h \u00e0 12h &#8230;<\/p>\n","protected":false},"author":1,"featured_media":0,"parent":0,"menu_order":0,"comment_status":"closed","ping_status":"closed","template":"","meta":{"_editorskit_title_hidden":false,"_editorskit_reading_time":1,"_editorskit_is_block_options_detached":false,"_editorskit_block_options_position":"{}","footnotes":""},"class_list":["post-1460","page","type-page","status-publish","hentry"],"_links":{"self":[{"href":"https:\/\/atticus-avocats.com\/index.php?rest_route=\/wp\/v2\/pages\/1460","targetHints":{"allow":["GET"]}}],"collection":[{"href":"https:\/\/atticus-avocats.com\/index.php?rest_route=\/wp\/v2\/pages"}],"about":[{"href":"https:\/\/atticus-avocats.com\/index.php?rest_route=\/wp\/v2\/types\/page"}],"author":[{"embeddable":true,"href":"https:\/\/atticus-avocats.com\/index.php?rest_route=\/wp\/v2\/users\/1"}],"replies":[{"embeddable":true,"href":"https:\/\/atticus-avocats.com\/index.php?rest_route=%2Fwp%2Fv2%2Fcomments&post=1460"}],"version-history":[{"count":53,"href":"https:\/\/atticus-avocats.com\/index.php?rest_route=\/wp\/v2\/pages\/1460\/revisions"}],"predecessor-version":[{"id":1846,"href":"https:\/\/atticus-avocats.com\/index.php?rest_route=\/wp\/v2\/pages\/1460\/revisions\/1846"}],"wp:attachment":[{"href":"https:\/\/atticus-avocats.com\/index.php?rest_route=%2Fwp%2Fv2%2Fmedia&parent=1460"}],"curies":[{"name":"wp","href":"https:\/\/api.w.org\/{rel}","templated":true}]}}