 
 
{"id":1810,"date":"2024-10-15T22:43:58","date_gmt":"2024-10-15T20:43:58","guid":{"rendered":"https:\/\/atticus-avocats.com\/?page_id=1810"},"modified":"2026-03-01T21:52:07","modified_gmt":"2026-03-01T20:52:07","slug":"notre-equipe","status":"publish","type":"page","link":"https:\/\/atticus-avocats.com\/?page_id=1810","title":{"rendered":"Notre \u00e9quipe"},"content":{"rendered":"\n<div class=\"wp-block-group\"><div class=\"wp-block-group__inner-container is-layout-constrained wp-block-group-is-layout-constrained\">\n<div style=\"height:100px\" aria-hidden=\"true\" class=\"wp-block-spacer\"><\/div>\n\n\n\n<h2 class=\"wp-block-heading has-text-align-center has-large-font-size\">Lucie Ravoux<\/h2>\n\n\n\n<div class=\"wp-block-group is-layout-grid wp-container-core-group-is-layout-148d70a5 wp-block-group-is-layout-grid\">\n<figure class=\"wp-block-image size-large is-resized wp-container-content-9df8e368\"><img loading=\"lazy\" decoding=\"async\" width=\"683\" height=\"1024\" src=\"https:\/\/atticus-avocats.com\/wp-content\/uploads\/2024\/09\/AtticusAvocatstraiteescClaire-MarieTeyssier-30-683x1024.jpg\" alt=\"\" class=\"wp-image-1802\" style=\"width:301px;height:auto\" srcset=\"https:\/\/atticus-avocats.com\/wp-content\/uploads\/2024\/09\/AtticusAvocatstraiteescClaire-MarieTeyssier-30-683x1024.jpg 683w, https:\/\/atticus-avocats.com\/wp-content\/uploads\/2024\/09\/AtticusAvocatstraiteescClaire-MarieTeyssier-30-200x300.jpg 200w, https:\/\/atticus-avocats.com\/wp-content\/uploads\/2024\/09\/AtticusAvocatstraiteescClaire-MarieTeyssier-30-768x1152.jpg 768w, https:\/\/atticus-avocats.com\/wp-content\/uploads\/2024\/09\/AtticusAvocatstraiteescClaire-MarieTeyssier-30-1024x1536.jpg 1024w, https:\/\/atticus-avocats.com\/wp-content\/uploads\/2024\/09\/AtticusAvocatstraiteescClaire-MarieTeyssier-30-1365x2048.jpg 1365w, https:\/\/atticus-avocats.com\/wp-content\/uploads\/2024\/09\/AtticusAvocatstraiteescClaire-MarieTeyssier-30-scaled.jpg 1707w\" sizes=\"auto, (max-width: 683px) 100vw, 683px\" \/><\/figure>\n\n\n\n<p class=\"wp-container-content-9df8e368\">Titulaire d&rsquo;un master II en droit international des affaires, Me Lucie Ravoux conseille les chefs d&rsquo;entreprise dans les probl\u00e9matiques de droit des soci\u00e9t\u00e9s. Elle accompagne \u00e9galement les dirigeants en mati\u00e8re de proc\u00e9dures collectives (sauvegarde, redressement, liquidation). Forte d&rsquo;une exp\u00e9rience de 10 ans en la mati\u00e8re, Lucie Ravoux a \u00e0 coeur de mettre le droit au service du projet de ses clients, avec simplicit\u00e9 et p\u00e9dagogie.<\/p>\n<\/div>\n<\/div><\/div>\n\n\n\n<div class=\"wp-block-group\"><div class=\"wp-block-group__inner-container is-layout-constrained wp-block-group-is-layout-constrained\">\n<div style=\"height:100px\" aria-hidden=\"true\" class=\"wp-block-spacer\"><\/div>\n\n\n\n<h2 class=\"wp-block-heading has-text-align-center has-large-font-size\">Charleyne Perez<\/h2>\n\n\n\n<div class=\"wp-block-group is-layout-grid wp-container-core-group-is-layout-148d70a5 wp-block-group-is-layout-grid\">\n<figure class=\"wp-block-image size-large is-resized wp-container-content-9df8e368\"><img loading=\"lazy\" decoding=\"async\" width=\"683\" height=\"1024\" src=\"https:\/\/atticus-avocats.com\/wp-content\/uploads\/2024\/09\/AtticusAvocatstraiteescClaire-MarieTeyssier-7-683x1024.jpg\" alt=\"\" class=\"wp-image-1783\" style=\"width:301px;height:auto\" srcset=\"https:\/\/atticus-avocats.com\/wp-content\/uploads\/2024\/09\/AtticusAvocatstraiteescClaire-MarieTeyssier-7-683x1024.jpg 683w, https:\/\/atticus-avocats.com\/wp-content\/uploads\/2024\/09\/AtticusAvocatstraiteescClaire-MarieTeyssier-7-200x300.jpg 200w, https:\/\/atticus-avocats.com\/wp-content\/uploads\/2024\/09\/AtticusAvocatstraiteescClaire-MarieTeyssier-7-768x1152.jpg 768w, https:\/\/atticus-avocats.com\/wp-content\/uploads\/2024\/09\/AtticusAvocatstraiteescClaire-MarieTeyssier-7-1024x1536.jpg 1024w, https:\/\/atticus-avocats.com\/wp-content\/uploads\/2024\/09\/AtticusAvocatstraiteescClaire-MarieTeyssier-7-1365x2048.jpg 1365w, https:\/\/atticus-avocats.com\/wp-content\/uploads\/2024\/09\/AtticusAvocatstraiteescClaire-MarieTeyssier-7-scaled.jpg 1706w\" sizes=\"auto, (max-width: 683px) 100vw, 683px\" \/><\/figure>\n\n\n\n<p class=\"wp-container-content-9df8e368\">Dipl\u00f4m\u00e9e de l&rsquo;Ecole Nationale de Droit et de Proc\u00e9dure, apr\u00e8s plusieurs ann\u00e9es de formation et de sp\u00e9cialisation en droit des soci\u00e9t\u00e9s, Charleyne PEREZ est Titulaire du 3\u00e8me cycle ENADEP en droit des soci\u00e9t\u00e9s.<br>Apr\u00e8s une premi\u00e8re exp\u00e9rience de six ans dans un cabinet lyonnais, Charleyne PEREZ a int\u00e9gr\u00e9 le Cabinet en janvier 2023 au poste de clerc d&rsquo;avocat, aux c\u00f4t\u00e9s de Me Lucie RAVOUX. Elle exerce aujourd&rsquo;hui en tant que juriste. Elle intervient notamment en mati\u00e8re de droit des soci\u00e9t\u00e9s, vente de fonds de commerce, et proc\u00e9dures collectives.<\/p>\n\n\n\n<p class=\"wp-container-content-9df8e368\"><\/p>\n<\/div>\n<\/div><\/div>\n\n\n\n<div class=\"wp-block-group\"><div class=\"wp-block-group__inner-container is-layout-constrained wp-block-group-is-layout-constrained\">\n<div style=\"height:100px\" aria-hidden=\"true\" class=\"wp-block-spacer\"><\/div>\n\n\n\n<h2 class=\"wp-block-heading has-text-align-center has-large-font-size\">Constance Lonchamp<\/h2>\n\n\n\n<div class=\"wp-block-group is-layout-grid wp-container-core-group-is-layout-148d70a5 wp-block-group-is-layout-grid\">\n<figure class=\"wp-block-image size-large is-resized\"><img loading=\"lazy\" decoding=\"async\" width=\"683\" height=\"1024\" src=\"https:\/\/atticus-avocats.com\/wp-content\/uploads\/2024\/09\/AtticusAvocatstraiteescClaire-MarieTeyssier-4-683x1024.jpg\" alt=\"\" class=\"wp-image-1780\" style=\"width:301px;height:auto\" srcset=\"https:\/\/atticus-avocats.com\/wp-content\/uploads\/2024\/09\/AtticusAvocatstraiteescClaire-MarieTeyssier-4-683x1024.jpg 683w, https:\/\/atticus-avocats.com\/wp-content\/uploads\/2024\/09\/AtticusAvocatstraiteescClaire-MarieTeyssier-4-200x300.jpg 200w, https:\/\/atticus-avocats.com\/wp-content\/uploads\/2024\/09\/AtticusAvocatstraiteescClaire-MarieTeyssier-4-768x1152.jpg 768w, https:\/\/atticus-avocats.com\/wp-content\/uploads\/2024\/09\/AtticusAvocatstraiteescClaire-MarieTeyssier-4-1024x1536.jpg 1024w, https:\/\/atticus-avocats.com\/wp-content\/uploads\/2024\/09\/AtticusAvocatstraiteescClaire-MarieTeyssier-4-1365x2048.jpg 1365w, https:\/\/atticus-avocats.com\/wp-content\/uploads\/2024\/09\/AtticusAvocatstraiteescClaire-MarieTeyssier-4-scaled.jpg 1707w\" sizes=\"auto, (max-width: 683px) 100vw, 683px\" \/><\/figure>\n\n\n\n<p>Titulaire d\u2019un master II en droit priv\u00e9 international et compar\u00e9, Constance LONCHAMP a forg\u00e9 son exp\u00e9rience en droit des affaires et des soci\u00e9t\u00e9s en cabinet d\u2019avocats et en entreprise. Constance a int\u00e9gr\u00e9 le Cabinet en mars 2024 en qualit\u00e9 de juriste. Elle travaille en soutien de Me RAVOUX aux c\u00f4t\u00e9s des clients pour leurs diff\u00e9rentes probl\u00e9matiques, et notamment pour l&rsquo;organisation de groupe de soci\u00e9t\u00e9s, la transmission d&rsquo;entreprise et pour la r\u00e9daction de conditions g\u00e9n\u00e9rales.<\/p>\n\n\n\n<p class=\"wp-container-content-9df8e368\"><\/p>\n<\/div>\n<\/div><\/div>\n","protected":false},"excerpt":{"rendered":"<p>Lucie Ravoux Titulaire d&rsquo;un master II en droit international des affaires, Me Lucie Ravoux conseille les chefs d&rsquo;entreprise dans les probl\u00e9matiques de droit des soci\u00e9t\u00e9s. Elle accompagne \u00e9galement les dirigeants &#8230;<\/p>\n","protected":false},"author":1,"featured_media":0,"parent":0,"menu_order":0,"comment_status":"closed","ping_status":"closed","template":"","meta":{"_editorskit_title_hidden":false,"_editorskit_reading_time":0,"_editorskit_is_block_options_detached":false,"_editorskit_block_options_position":"{}","footnotes":""},"class_list":["post-1810","page","type-page","status-publish","hentry"],"_links":{"self":[{"href":"https:\/\/atticus-avocats.com\/index.php?rest_route=\/wp\/v2\/pages\/1810","targetHints":{"allow":["GET"]}}],"collection":[{"href":"https:\/\/atticus-avocats.com\/index.php?rest_route=\/wp\/v2\/pages"}],"about":[{"href":"https:\/\/atticus-avocats.com\/index.php?rest_route=\/wp\/v2\/types\/page"}],"author":[{"embeddable":true,"href":"https:\/\/atticus-avocats.com\/index.php?rest_route=\/wp\/v2\/users\/1"}],"replies":[{"embeddable":true,"href":"https:\/\/atticus-avocats.com\/index.php?rest_route=%2Fwp%2Fv2%2Fcomments&post=1810"}],"version-history":[{"count":12,"href":"https:\/\/atticus-avocats.com\/index.php?rest_route=\/wp\/v2\/pages\/1810\/revisions"}],"predecessor-version":[{"id":1848,"href":"https:\/\/atticus-avocats.com\/index.php?rest_route=\/wp\/v2\/pages\/1810\/revisions\/1848"}],"wp:attachment":[{"href":"https:\/\/atticus-avocats.com\/index.php?rest_route=%2Fwp%2Fv2%2Fmedia&parent=1810"}],"curies":[{"name":"wp","href":"https:\/\/api.w.org\/{rel}","templated":true}]}}